{"id":18,"date":"2021-11-17T15:35:47","date_gmt":"2021-11-17T14:35:47","guid":{"rendered":"https:\/\/www.ronanjaffre.fr\/index.php\/produit\/hoodie-with-logo\/"},"modified":"2024-10-08T22:28:39","modified_gmt":"2024-10-08T20:28:39","slug":"illustration-avion","status":"publish","type":"product","link":"https:\/\/www.ronanjaffre.fr\/index.php\/produit\/illustration-avion\/","title":{"rendered":"Illustration Porco Rosso en Tirage Limit\u00e9"},"content":{"rendered":"<p>Illustration en Tirage limit\u00e9 (20 exemplaires)<\/p>\n<p>Inspir\u00e9 du film d&#8217;animation &#8220;Porco Rosso&#8221;<\/p>\n<p>30x40cm<\/p>\n<p><strong>NON ENCADR\u00c9<\/strong><\/p>\n","protected":false},"excerpt":{"rendered":"<p>Illustration en Tirage Limit\u00e9<\/p>\n","protected":false},"featured_media":44,"comment_status":"open","ping_status":"closed","template":"","meta":[],"product_cat":[20],"product_tag":[],"yoast_head":"<!-- This site is optimized with the Yoast SEO plugin v23.6 - https:\/\/yoast.com\/wordpress\/plugins\/seo\/ -->\n<title>Illustration Porco Rosso en Tirage Limit\u00e9 - Ronan JAFFR\u00c9<\/title>\n<meta name=\"robots\" content=\"index, follow, max-snippet:-1, max-image-preview:large, max-video-preview:-1\" \/>\n<link rel=\"canonical\" href=\"https:\/\/www.ronanjaffre.fr\/index.php\/produit\/illustration-avion\/\" \/>\n<meta property=\"og:locale\" content=\"fr_FR\" \/>\n<meta property=\"og:type\" content=\"article\" \/>\n<meta property=\"og:title\" content=\"Illustration Porco Rosso en Tirage Limit\u00e9 - Ronan JAFFR\u00c9\" \/>\n<meta property=\"og:description\" content=\"Illustration en Tirage Limit\u00e9\" \/>\n<meta property=\"og:url\" content=\"https:\/\/www.ronanjaffre.fr\/index.php\/produit\/illustration-avion\/\" \/>\n<meta property=\"og:site_name\" content=\"Ronan JAFFR\u00c9\" \/>\n<meta property=\"article:modified_time\" content=\"2024-10-08T20:28:39+00:00\" \/>\n<meta property=\"og:image\" content=\"https:\/\/www.ronanjaffre.fr\/html\/wordpress\/wp-content\/uploads\/2021\/11\/avion_SD_web.jpg\" \/>\n\t<meta property=\"og:image:width\" content=\"754\" \/>\n\t<meta property=\"og:image:height\" content=\"955\" \/>\n\t<meta property=\"og:image:type\" content=\"image\/jpeg\" \/>\n<meta name=\"twitter:card\" content=\"summary_large_image\" \/>\n<script type=\"application\/ld+json\" class=\"yoast-schema-graph\">{\"@context\":\"https:\/\/schema.org\",\"@graph\":[{\"@type\":\"WebPage\",\"@id\":\"https:\/\/www.ronanjaffre.fr\/index.php\/produit\/illustration-avion\/\",\"url\":\"https:\/\/www.ronanjaffre.fr\/index.php\/produit\/illustration-avion\/\",\"name\":\"Illustration Porco Rosso en Tirage Limit\u00e9 - Ronan JAFFR\u00c9\",\"isPartOf\":{\"@id\":\"https:\/\/www.ronanjaffre.fr\/#website\"},\"primaryImageOfPage\":{\"@id\":\"https:\/\/www.ronanjaffre.fr\/index.php\/produit\/illustration-avion\/#primaryimage\"},\"image\":{\"@id\":\"https:\/\/www.ronanjaffre.fr\/index.php\/produit\/illustration-avion\/#primaryimage\"},\"thumbnailUrl\":\"https:\/\/www.ronanjaffre.fr\/html\/wordpress\/wp-content\/uploads\/2021\/11\/avion_SD_web.jpg\",\"datePublished\":\"2021-11-17T14:35:47+00:00\",\"dateModified\":\"2024-10-08T20:28:39+00:00\",\"breadcrumb\":{\"@id\":\"https:\/\/www.ronanjaffre.fr\/index.php\/produit\/illustration-avion\/#breadcrumb\"},\"inLanguage\":\"fr-FR\",\"potentialAction\":[{\"@type\":\"ReadAction\",\"target\":[\"https:\/\/www.ronanjaffre.fr\/index.php\/produit\/illustration-avion\/\"]}]},{\"@type\":\"ImageObject\",\"inLanguage\":\"fr-FR\",\"@id\":\"https:\/\/www.ronanjaffre.fr\/index.php\/produit\/illustration-avion\/#primaryimage\",\"url\":\"https:\/\/www.ronanjaffre.fr\/html\/wordpress\/wp-content\/uploads\/2021\/11\/avion_SD_web.jpg\",\"contentUrl\":\"https:\/\/www.ronanjaffre.fr\/html\/wordpress\/wp-content\/uploads\/2021\/11\/avion_SD_web.jpg\",\"width\":754,\"height\":955},{\"@type\":\"BreadcrumbList\",\"@id\":\"https:\/\/www.ronanjaffre.fr\/index.php\/produit\/illustration-avion\/#breadcrumb\",\"itemListElement\":[{\"@type\":\"ListItem\",\"position\":1,\"name\":\"Accueil\",\"item\":\"https:\/\/www.ronanjaffre.fr\/\"},{\"@type\":\"ListItem\",\"position\":2,\"name\":\"Boutique\",\"item\":\"https:\/\/www.ronanjaffre.fr\/\"},{\"@type\":\"ListItem\",\"position\":3,\"name\":\"Illustration Porco Rosso en Tirage Limit\u00e9\"}]},{\"@type\":\"WebSite\",\"@id\":\"https:\/\/www.ronanjaffre.fr\/#website\",\"url\":\"https:\/\/www.ronanjaffre.fr\/\",\"name\":\"Ronan JAFFR\u00c9\",\"description\":\"\",\"publisher\":{\"@id\":\"https:\/\/www.ronanjaffre.fr\/#organization\"},\"potentialAction\":[{\"@type\":\"SearchAction\",\"target\":{\"@type\":\"EntryPoint\",\"urlTemplate\":\"https:\/\/www.ronanjaffre.fr\/?s={search_term_string}\"},\"query-input\":{\"@type\":\"PropertyValueSpecification\",\"valueRequired\":true,\"valueName\":\"search_term_string\"}}],\"inLanguage\":\"fr-FR\"},{\"@type\":\"Organization\",\"@id\":\"https:\/\/www.ronanjaffre.fr\/#organization\",\"name\":\"Ronan JAFFR\u00c9\",\"url\":\"https:\/\/www.ronanjaffre.fr\/\",\"logo\":{\"@type\":\"ImageObject\",\"inLanguage\":\"fr-FR\",\"@id\":\"https:\/\/www.ronanjaffre.fr\/#\/schema\/logo\/image\/\",\"url\":\"https:\/\/www.ronanjaffre.fr\/html\/wordpress\/wp-content\/uploads\/2022\/05\/Avatar1.png\",\"contentUrl\":\"https:\/\/www.ronanjaffre.fr\/html\/wordpress\/wp-content\/uploads\/2022\/05\/Avatar1.png\",\"width\":445,\"height\":480,\"caption\":\"Ronan JAFFR\u00c9\"},\"image\":{\"@id\":\"https:\/\/www.ronanjaffre.fr\/#\/schema\/logo\/image\/\"}}]}<\/script>\n<!-- \/ Yoast SEO plugin. -->","yoast_head_json":{"title":"Illustration Porco Rosso en Tirage Limit\u00e9 - Ronan JAFFR\u00c9","robots":{"index":"index","follow":"follow","max-snippet":"max-snippet:-1","max-image-preview":"max-image-preview:large","max-video-preview":"max-video-preview:-1"},"canonical":"https:\/\/www.ronanjaffre.fr\/index.php\/produit\/illustration-avion\/","og_locale":"fr_FR","og_type":"article","og_title":"Illustration Porco Rosso en Tirage Limit\u00e9 - Ronan JAFFR\u00c9","og_description":"Illustration en Tirage Limit\u00e9","og_url":"https:\/\/www.ronanjaffre.fr\/index.php\/produit\/illustration-avion\/","og_site_name":"Ronan JAFFR\u00c9","article_modified_time":"2024-10-08T20:28:39+00:00","og_image":[{"width":754,"height":955,"url":"https:\/\/www.ronanjaffre.fr\/html\/wordpress\/wp-content\/uploads\/2021\/11\/avion_SD_web.jpg","type":"image\/jpeg"}],"twitter_card":"summary_large_image","schema":{"@context":"https:\/\/schema.org","@graph":[{"@type":"WebPage","@id":"https:\/\/www.ronanjaffre.fr\/index.php\/produit\/illustration-avion\/","url":"https:\/\/www.ronanjaffre.fr\/index.php\/produit\/illustration-avion\/","name":"Illustration Porco Rosso en Tirage Limit\u00e9 - Ronan JAFFR\u00c9","isPartOf":{"@id":"https:\/\/www.ronanjaffre.fr\/#website"},"primaryImageOfPage":{"@id":"https:\/\/www.ronanjaffre.fr\/index.php\/produit\/illustration-avion\/#primaryimage"},"image":{"@id":"https:\/\/www.ronanjaffre.fr\/index.php\/produit\/illustration-avion\/#primaryimage"},"thumbnailUrl":"https:\/\/www.ronanjaffre.fr\/html\/wordpress\/wp-content\/uploads\/2021\/11\/avion_SD_web.jpg","datePublished":"2021-11-17T14:35:47+00:00","dateModified":"2024-10-08T20:28:39+00:00","breadcrumb":{"@id":"https:\/\/www.ronanjaffre.fr\/index.php\/produit\/illustration-avion\/#breadcrumb"},"inLanguage":"fr-FR","potentialAction":[{"@type":"ReadAction","target":["https:\/\/www.ronanjaffre.fr\/index.php\/produit\/illustration-avion\/"]}]},{"@type":"ImageObject","inLanguage":"fr-FR","@id":"https:\/\/www.ronanjaffre.fr\/index.php\/produit\/illustration-avion\/#primaryimage","url":"https:\/\/www.ronanjaffre.fr\/html\/wordpress\/wp-content\/uploads\/2021\/11\/avion_SD_web.jpg","contentUrl":"https:\/\/www.ronanjaffre.fr\/html\/wordpress\/wp-content\/uploads\/2021\/11\/avion_SD_web.jpg","width":754,"height":955},{"@type":"BreadcrumbList","@id":"https:\/\/www.ronanjaffre.fr\/index.php\/produit\/illustration-avion\/#breadcrumb","itemListElement":[{"@type":"ListItem","position":1,"name":"Accueil","item":"https:\/\/www.ronanjaffre.fr\/"},{"@type":"ListItem","position":2,"name":"Boutique","item":"https:\/\/www.ronanjaffre.fr\/"},{"@type":"ListItem","position":3,"name":"Illustration Porco Rosso en Tirage Limit\u00e9"}]},{"@type":"WebSite","@id":"https:\/\/www.ronanjaffre.fr\/#website","url":"https:\/\/www.ronanjaffre.fr\/","name":"Ronan JAFFR\u00c9","description":"","publisher":{"@id":"https:\/\/www.ronanjaffre.fr\/#organization"},"potentialAction":[{"@type":"SearchAction","target":{"@type":"EntryPoint","urlTemplate":"https:\/\/www.ronanjaffre.fr\/?s={search_term_string}"},"query-input":{"@type":"PropertyValueSpecification","valueRequired":true,"valueName":"search_term_string"}}],"inLanguage":"fr-FR"},{"@type":"Organization","@id":"https:\/\/www.ronanjaffre.fr\/#organization","name":"Ronan JAFFR\u00c9","url":"https:\/\/www.ronanjaffre.fr\/","logo":{"@type":"ImageObject","inLanguage":"fr-FR","@id":"https:\/\/www.ronanjaffre.fr\/#\/schema\/logo\/image\/","url":"https:\/\/www.ronanjaffre.fr\/html\/wordpress\/wp-content\/uploads\/2022\/05\/Avatar1.png","contentUrl":"https:\/\/www.ronanjaffre.fr\/html\/wordpress\/wp-content\/uploads\/2022\/05\/Avatar1.png","width":445,"height":480,"caption":"Ronan JAFFR\u00c9"},"image":{"@id":"https:\/\/www.ronanjaffre.fr\/#\/schema\/logo\/image\/"}}]}},"_links":{"self":[{"href":"https:\/\/www.ronanjaffre.fr\/index.php\/wp-json\/wp\/v2\/product\/18"}],"collection":[{"href":"https:\/\/www.ronanjaffre.fr\/index.php\/wp-json\/wp\/v2\/product"}],"about":[{"href":"https:\/\/www.ronanjaffre.fr\/index.php\/wp-json\/wp\/v2\/types\/product"}],"replies":[{"embeddable":true,"href":"https:\/\/www.ronanjaffre.fr\/index.php\/wp-json\/wp\/v2\/comments?post=18"}],"wp:featuredmedia":[{"embeddable":true,"href":"https:\/\/www.ronanjaffre.fr\/index.php\/wp-json\/wp\/v2\/media\/44"}],"wp:attachment":[{"href":"https:\/\/www.ronanjaffre.fr\/index.php\/wp-json\/wp\/v2\/media?parent=18"}],"wp:term":[{"taxonomy":"product_cat","embeddable":true,"href":"https:\/\/www.ronanjaffre.fr\/index.php\/wp-json\/wp\/v2\/product_cat?post=18"},{"taxonomy":"product_tag","embeddable":true,"href":"https:\/\/www.ronanjaffre.fr\/index.php\/wp-json\/wp\/v2\/product_tag?post=18"}],"curies":[{"name":"wp","href":"https:\/\/api.w.org\/{rel}","templated":true}]}}