{"id":448,"date":"2022-11-23T17:50:32","date_gmt":"2022-11-23T16:50:32","guid":{"rendered":"https:\/\/www.ronanjaffre.fr\/?post_type=product&#038;p=448"},"modified":"2026-03-28T20:32:39","modified_gmt":"2026-03-28T19:32:39","slug":"octobre-2022-format-a3","status":"publish","type":"product","link":"https:\/\/www.ronanjaffre.fr\/index.php\/produit\/octobre-2022-format-a3\/","title":{"rendered":"Octobre 2022 Format A3"},"content":{"rendered":"<p><strong>Informations Produit :<\/strong><\/p>\n<ul>\n<li>Illustration imprim\u00e9e au format A3 : 297 x 420 mm<\/li>\n<li>Format standard facile \u00e0 encadrer<\/li>\n<li>Imprim\u00e9e sur un papier de qualit\u00e9 photo 210 g\/m\u00b2<\/li>\n<li>Sign\u00e9e<\/li>\n<li>Vendue sans encadrement<\/li>\n<\/ul>\n<p><strong>Informations de livraison :<\/strong><\/p>\n<ul>\n<li>Emball\u00e9e avec attention dans un tube triangulaire de livraison r\u00e9sistant au transport<\/li>\n<li>Livraison en 3 \u00e0 5 jours ouvr\u00e9s<\/li>\n<\/ul>\n<p>&nbsp;<\/p>\n","protected":false},"excerpt":{"rendered":"<p>Informations Produit : Illustration imprim\u00e9e au format A3 : 297 x 420 mm Format standard facile \u00e0 encadrer Imprim\u00e9e sur un papier de qualit\u00e9 photo 210 g\/m\u00b2 Sign\u00e9e Vendue sans [&hellip;]<\/p>\n","protected":false},"featured_media":453,"comment_status":"open","ping_status":"closed","template":"","meta":[],"product_cat":[34,37,35],"product_tag":[],"yoast_head":"<!-- This site is optimized with the Yoast SEO plugin v23.6 - https:\/\/yoast.com\/wordpress\/plugins\/seo\/ -->\n<title>Octobre 2022 Format A3 - Ronan JAFFR\u00c9<\/title>\n<meta name=\"robots\" content=\"index, follow, max-snippet:-1, max-image-preview:large, max-video-preview:-1\" \/>\n<link rel=\"canonical\" href=\"https:\/\/www.ronanjaffre.fr\/index.php\/produit\/octobre-2022-format-a3\/\" \/>\n<meta property=\"og:locale\" content=\"fr_FR\" \/>\n<meta property=\"og:type\" content=\"article\" \/>\n<meta property=\"og:title\" content=\"Octobre 2022 Format A3 - Ronan JAFFR\u00c9\" \/>\n<meta property=\"og:description\" content=\"Informations Produit : Illustration imprim\u00e9e au format A3 : 297 x 420 mm Format standard facile \u00e0 encadrer Imprim\u00e9e sur un papier de qualit\u00e9 photo 210 g\/m\u00b2 Sign\u00e9e Vendue sans [&hellip;]\" \/>\n<meta property=\"og:url\" content=\"https:\/\/www.ronanjaffre.fr\/index.php\/produit\/octobre-2022-format-a3\/\" \/>\n<meta property=\"og:site_name\" content=\"Ronan JAFFR\u00c9\" \/>\n<meta property=\"article:modified_time\" content=\"2026-03-28T19:32:39+00:00\" \/>\n<meta property=\"og:image\" content=\"https:\/\/www.ronanjaffre.fr\/html\/wordpress\/wp-content\/uploads\/2022\/11\/octobre2022-4.jpg\" \/>\n\t<meta property=\"og:image:width\" content=\"900\" \/>\n\t<meta property=\"og:image:height\" content=\"900\" \/>\n\t<meta property=\"og:image:type\" content=\"image\/jpeg\" \/>\n<meta name=\"twitter:card\" content=\"summary_large_image\" \/>\n<meta name=\"twitter:label1\" content=\"Dur\u00e9e de lecture estim\u00e9e\" \/>\n\t<meta name=\"twitter:data1\" content=\"1 minute\" \/>\n<script type=\"application\/ld+json\" class=\"yoast-schema-graph\">{\"@context\":\"https:\/\/schema.org\",\"@graph\":[{\"@type\":\"WebPage\",\"@id\":\"https:\/\/www.ronanjaffre.fr\/index.php\/produit\/octobre-2022-format-a3\/\",\"url\":\"https:\/\/www.ronanjaffre.fr\/index.php\/produit\/octobre-2022-format-a3\/\",\"name\":\"Octobre 2022 Format A3 - Ronan JAFFR\u00c9\",\"isPartOf\":{\"@id\":\"https:\/\/www.ronanjaffre.fr\/#website\"},\"primaryImageOfPage\":{\"@id\":\"https:\/\/www.ronanjaffre.fr\/index.php\/produit\/octobre-2022-format-a3\/#primaryimage\"},\"image\":{\"@id\":\"https:\/\/www.ronanjaffre.fr\/index.php\/produit\/octobre-2022-format-a3\/#primaryimage\"},\"thumbnailUrl\":\"https:\/\/www.ronanjaffre.fr\/html\/wordpress\/wp-content\/uploads\/2022\/11\/octobre2022-4.jpg\",\"datePublished\":\"2022-11-23T16:50:32+00:00\",\"dateModified\":\"2026-03-28T19:32:39+00:00\",\"breadcrumb\":{\"@id\":\"https:\/\/www.ronanjaffre.fr\/index.php\/produit\/octobre-2022-format-a3\/#breadcrumb\"},\"inLanguage\":\"fr-FR\",\"potentialAction\":[{\"@type\":\"ReadAction\",\"target\":[\"https:\/\/www.ronanjaffre.fr\/index.php\/produit\/octobre-2022-format-a3\/\"]}]},{\"@type\":\"ImageObject\",\"inLanguage\":\"fr-FR\",\"@id\":\"https:\/\/www.ronanjaffre.fr\/index.php\/produit\/octobre-2022-format-a3\/#primaryimage\",\"url\":\"https:\/\/www.ronanjaffre.fr\/html\/wordpress\/wp-content\/uploads\/2022\/11\/octobre2022-4.jpg\",\"contentUrl\":\"https:\/\/www.ronanjaffre.fr\/html\/wordpress\/wp-content\/uploads\/2022\/11\/octobre2022-4.jpg\",\"width\":900,\"height\":900,\"caption\":\"OLYMPUS DIGITAL CAMERA\"},{\"@type\":\"BreadcrumbList\",\"@id\":\"https:\/\/www.ronanjaffre.fr\/index.php\/produit\/octobre-2022-format-a3\/#breadcrumb\",\"itemListElement\":[{\"@type\":\"ListItem\",\"position\":1,\"name\":\"Accueil\",\"item\":\"https:\/\/www.ronanjaffre.fr\/\"},{\"@type\":\"ListItem\",\"position\":2,\"name\":\"Boutique\",\"item\":\"https:\/\/www.ronanjaffre.fr\/\"},{\"@type\":\"ListItem\",\"position\":3,\"name\":\"Octobre 2022 Format A3\"}]},{\"@type\":\"WebSite\",\"@id\":\"https:\/\/www.ronanjaffre.fr\/#website\",\"url\":\"https:\/\/www.ronanjaffre.fr\/\",\"name\":\"Ronan JAFFR\u00c9\",\"description\":\"\",\"publisher\":{\"@id\":\"https:\/\/www.ronanjaffre.fr\/#organization\"},\"potentialAction\":[{\"@type\":\"SearchAction\",\"target\":{\"@type\":\"EntryPoint\",\"urlTemplate\":\"https:\/\/www.ronanjaffre.fr\/?s={search_term_string}\"},\"query-input\":{\"@type\":\"PropertyValueSpecification\",\"valueRequired\":true,\"valueName\":\"search_term_string\"}}],\"inLanguage\":\"fr-FR\"},{\"@type\":\"Organization\",\"@id\":\"https:\/\/www.ronanjaffre.fr\/#organization\",\"name\":\"Ronan JAFFR\u00c9\",\"url\":\"https:\/\/www.ronanjaffre.fr\/\",\"logo\":{\"@type\":\"ImageObject\",\"inLanguage\":\"fr-FR\",\"@id\":\"https:\/\/www.ronanjaffre.fr\/#\/schema\/logo\/image\/\",\"url\":\"https:\/\/www.ronanjaffre.fr\/html\/wordpress\/wp-content\/uploads\/2022\/05\/Avatar1.png\",\"contentUrl\":\"https:\/\/www.ronanjaffre.fr\/html\/wordpress\/wp-content\/uploads\/2022\/05\/Avatar1.png\",\"width\":445,\"height\":480,\"caption\":\"Ronan JAFFR\u00c9\"},\"image\":{\"@id\":\"https:\/\/www.ronanjaffre.fr\/#\/schema\/logo\/image\/\"}}]}<\/script>\n<!-- \/ Yoast SEO plugin. -->","yoast_head_json":{"title":"Octobre 2022 Format A3 - Ronan JAFFR\u00c9","robots":{"index":"index","follow":"follow","max-snippet":"max-snippet:-1","max-image-preview":"max-image-preview:large","max-video-preview":"max-video-preview:-1"},"canonical":"https:\/\/www.ronanjaffre.fr\/index.php\/produit\/octobre-2022-format-a3\/","og_locale":"fr_FR","og_type":"article","og_title":"Octobre 2022 Format A3 - Ronan JAFFR\u00c9","og_description":"Informations Produit : Illustration imprim\u00e9e au format A3 : 297 x 420 mm Format standard facile \u00e0 encadrer Imprim\u00e9e sur un papier de qualit\u00e9 photo 210 g\/m\u00b2 Sign\u00e9e Vendue sans [&hellip;]","og_url":"https:\/\/www.ronanjaffre.fr\/index.php\/produit\/octobre-2022-format-a3\/","og_site_name":"Ronan JAFFR\u00c9","article_modified_time":"2026-03-28T19:32:39+00:00","og_image":[{"width":900,"height":900,"url":"https:\/\/www.ronanjaffre.fr\/html\/wordpress\/wp-content\/uploads\/2022\/11\/octobre2022-4.jpg","type":"image\/jpeg"}],"twitter_card":"summary_large_image","twitter_misc":{"Dur\u00e9e de lecture estim\u00e9e":"1 minute"},"schema":{"@context":"https:\/\/schema.org","@graph":[{"@type":"WebPage","@id":"https:\/\/www.ronanjaffre.fr\/index.php\/produit\/octobre-2022-format-a3\/","url":"https:\/\/www.ronanjaffre.fr\/index.php\/produit\/octobre-2022-format-a3\/","name":"Octobre 2022 Format A3 - Ronan JAFFR\u00c9","isPartOf":{"@id":"https:\/\/www.ronanjaffre.fr\/#website"},"primaryImageOfPage":{"@id":"https:\/\/www.ronanjaffre.fr\/index.php\/produit\/octobre-2022-format-a3\/#primaryimage"},"image":{"@id":"https:\/\/www.ronanjaffre.fr\/index.php\/produit\/octobre-2022-format-a3\/#primaryimage"},"thumbnailUrl":"https:\/\/www.ronanjaffre.fr\/html\/wordpress\/wp-content\/uploads\/2022\/11\/octobre2022-4.jpg","datePublished":"2022-11-23T16:50:32+00:00","dateModified":"2026-03-28T19:32:39+00:00","breadcrumb":{"@id":"https:\/\/www.ronanjaffre.fr\/index.php\/produit\/octobre-2022-format-a3\/#breadcrumb"},"inLanguage":"fr-FR","potentialAction":[{"@type":"ReadAction","target":["https:\/\/www.ronanjaffre.fr\/index.php\/produit\/octobre-2022-format-a3\/"]}]},{"@type":"ImageObject","inLanguage":"fr-FR","@id":"https:\/\/www.ronanjaffre.fr\/index.php\/produit\/octobre-2022-format-a3\/#primaryimage","url":"https:\/\/www.ronanjaffre.fr\/html\/wordpress\/wp-content\/uploads\/2022\/11\/octobre2022-4.jpg","contentUrl":"https:\/\/www.ronanjaffre.fr\/html\/wordpress\/wp-content\/uploads\/2022\/11\/octobre2022-4.jpg","width":900,"height":900,"caption":"OLYMPUS DIGITAL CAMERA"},{"@type":"BreadcrumbList","@id":"https:\/\/www.ronanjaffre.fr\/index.php\/produit\/octobre-2022-format-a3\/#breadcrumb","itemListElement":[{"@type":"ListItem","position":1,"name":"Accueil","item":"https:\/\/www.ronanjaffre.fr\/"},{"@type":"ListItem","position":2,"name":"Boutique","item":"https:\/\/www.ronanjaffre.fr\/"},{"@type":"ListItem","position":3,"name":"Octobre 2022 Format A3"}]},{"@type":"WebSite","@id":"https:\/\/www.ronanjaffre.fr\/#website","url":"https:\/\/www.ronanjaffre.fr\/","name":"Ronan JAFFR\u00c9","description":"","publisher":{"@id":"https:\/\/www.ronanjaffre.fr\/#organization"},"potentialAction":[{"@type":"SearchAction","target":{"@type":"EntryPoint","urlTemplate":"https:\/\/www.ronanjaffre.fr\/?s={search_term_string}"},"query-input":{"@type":"PropertyValueSpecification","valueRequired":true,"valueName":"search_term_string"}}],"inLanguage":"fr-FR"},{"@type":"Organization","@id":"https:\/\/www.ronanjaffre.fr\/#organization","name":"Ronan JAFFR\u00c9","url":"https:\/\/www.ronanjaffre.fr\/","logo":{"@type":"ImageObject","inLanguage":"fr-FR","@id":"https:\/\/www.ronanjaffre.fr\/#\/schema\/logo\/image\/","url":"https:\/\/www.ronanjaffre.fr\/html\/wordpress\/wp-content\/uploads\/2022\/05\/Avatar1.png","contentUrl":"https:\/\/www.ronanjaffre.fr\/html\/wordpress\/wp-content\/uploads\/2022\/05\/Avatar1.png","width":445,"height":480,"caption":"Ronan JAFFR\u00c9"},"image":{"@id":"https:\/\/www.ronanjaffre.fr\/#\/schema\/logo\/image\/"}}]}},"_links":{"self":[{"href":"https:\/\/www.ronanjaffre.fr\/index.php\/wp-json\/wp\/v2\/product\/448"}],"collection":[{"href":"https:\/\/www.ronanjaffre.fr\/index.php\/wp-json\/wp\/v2\/product"}],"about":[{"href":"https:\/\/www.ronanjaffre.fr\/index.php\/wp-json\/wp\/v2\/types\/product"}],"replies":[{"embeddable":true,"href":"https:\/\/www.ronanjaffre.fr\/index.php\/wp-json\/wp\/v2\/comments?post=448"}],"wp:featuredmedia":[{"embeddable":true,"href":"https:\/\/www.ronanjaffre.fr\/index.php\/wp-json\/wp\/v2\/media\/453"}],"wp:attachment":[{"href":"https:\/\/www.ronanjaffre.fr\/index.php\/wp-json\/wp\/v2\/media?parent=448"}],"wp:term":[{"taxonomy":"product_cat","embeddable":true,"href":"https:\/\/www.ronanjaffre.fr\/index.php\/wp-json\/wp\/v2\/product_cat?post=448"},{"taxonomy":"product_tag","embeddable":true,"href":"https:\/\/www.ronanjaffre.fr\/index.php\/wp-json\/wp\/v2\/product_tag?post=448"}],"curies":[{"name":"wp","href":"https:\/\/api.w.org\/{rel}","templated":true}]}}